{"id":24008,"date":"2023-05-28T09:40:27","date_gmt":"2023-05-28T09:40:28","guid":{"rendered":"https:\/\/avae.pl\/?post_type=product&#038;p=24008"},"modified":"2023-05-29T07:24:04","modified_gmt":"2023-05-29T07:24:04","slug":"monae-striped-shirt-kopia","status":"publish","type":"product","link":"https:\/\/avae.pl\/en\/akcesoria\/monae-striped-shirt-kopia\/","title":{"rendered":"MONACO SHIRT"},"content":{"rendered":"<p>MONACO shirt made of the highest quality linen with the addition of viscose in light beige with beautiful embroidery.<\/p>\n<p>Shirt with a shorter cut fastened with buttons. You can wear it to the beach as well as everyday styling. Such a shirt in the wardrobe is the basis of a capsule wardrobe. The shirt looks great with jeans or white trousers. The possibilities of styling such a universal shirt are endless, and the occasions for which you can wear it? Even more ! \ud83d\ude42<\/p>\n<p>ONE SIZE.<\/p>\n","protected":false},"excerpt":{"rendered":"<p style=\"padding-left: 40px; text-align: left;\">Koszula MONACO wykonana z najwy\u017cszej jakosci LNU z dodatkiem wiskozy w kolorze jasnego be\u017cu w piekny haft.<\/p>\n<p style=\"padding-left: 40px;\">Koszula o kt\u00f3tszym kroju zapinana na guziki. Mo\u017cesz nosi\u0107 j\u0105 zar\u00f3wno na pla\u017c\u0119 jak i stylizowa\u0107 na codzie\u0144. Taka koszula w szafie to podstawa kapsu\u0142owej garderoby. \u00a0Koszula super wygl\u0105da do jeans\u00f3w lub bia\u0142ych spodni. Mozliwosci stylizowania tak uniwersalnej koszuli jest niesko\u0144czenie wiele, a okazji na ktore mo\u017cesz j\u0105 ubra\u0107? Jeszcze wi\u0119cej ! \ud83d\ude42<\/p>\n<p style=\"padding-left: 40px;\">Rozmiar ONESIZE.<\/p>\n","protected":false},"featured_media":24011,"template":"","meta":[],"product_cat":[268],"product_tag":[],"acf":[],"yoast_head":"<!-- This site is optimized with the Yoast SEO Premium plugin v15.7 - https:\/\/yoast.com\/wordpress\/plugins\/seo\/ -->\n<title>MONACO SHIRT - Avae<\/title>\n<meta name=\"robots\" content=\"index, follow, max-snippet:-1, max-image-preview:large, max-video-preview:-1\" \/>\n<link rel=\"canonical\" href=\"https:\/\/avae.pl\/en\/kimono-shirts\/monae-striped-shirt-kopia\/\" \/>\n<meta property=\"og:locale\" content=\"en_US\" \/>\n<meta property=\"og:type\" content=\"article\" \/>\n<meta property=\"og:title\" content=\"MONACO SHIRT - Avae\" \/>\n<meta property=\"og:description\" content=\"Koszula MONACO wykonana z najwy\u017cszej jakosci LNU z dodatkiem wiskozy w kolorze jasnego be\u017cu w piekny haft. Koszula o kt\u00f3tszym kroju zapinana na guziki. Mo\u017cesz nosi\u0107 j\u0105 zar\u00f3wno na pla\u017c\u0119 jak i stylizowa\u0107 na codzie\u0144. Taka koszula w szafie to podstawa kapsu\u0142owej garderoby. \u00a0Koszula super wygl\u0105da do jeans\u00f3w lub bia\u0142ych spodni. Mozliwosci stylizowania tak uniwersalnej koszuli jest niesko\u0144czenie wiele, a okazji na ktore mo\u017cesz j\u0105 ubra\u0107? Jeszcze wi\u0119cej ! :) Rozmiar ONESIZE.\" \/>\n<meta property=\"og:url\" content=\"https:\/\/avae.pl\/en\/kimono-shirts\/monae-striped-shirt-kopia\/\" \/>\n<meta property=\"og:site_name\" content=\"Avae\" \/>\n<meta property=\"article:modified_time\" content=\"2023-05-29T07:24:04+00:00\" \/>\n<meta property=\"og:image\" content=\"https:\/\/avae.pl\/wp-content\/uploads\/2023\/05\/5DB080BD-44DC-4BC8-90B1-44489E618591-scaled.jpeg\" \/>\n\t<meta property=\"og:image:width\" content=\"1920\" \/>\n\t<meta property=\"og:image:height\" content=\"2560\" \/>\n<meta name=\"twitter:label1\" content=\"Availability\">\n\t<meta name=\"twitter:data1\" content=\"Out of stock\">\n<script type=\"application\/ld+json\" class=\"yoast-schema-graph\">{\"@context\":\"https:\/\/schema.org\",\"@graph\":[{\"@type\":\"Organization\",\"@id\":\"https:\/\/avae.pl\/#organization\",\"name\":\"Avae\",\"url\":\"https:\/\/avae.pl\/\",\"sameAs\":[],\"logo\":{\"@type\":\"ImageObject\",\"@id\":\"https:\/\/avae.pl\/#logo\",\"inLanguage\":\"en-US\",\"url\":\"https:\/\/avae.pl\/wp-content\/uploads\/2021\/01\/cropped-LOVIN1300x500-black-3.jpg\",\"width\":1300,\"height\":500,\"caption\":\"Avae\"},\"image\":{\"@id\":\"https:\/\/avae.pl\/#logo\"}},{\"@type\":\"WebSite\",\"@id\":\"https:\/\/avae.pl\/#website\",\"url\":\"https:\/\/avae.pl\/\",\"name\":\"Avae\",\"description\":\"FASHION BRAND\",\"publisher\":{\"@id\":\"https:\/\/avae.pl\/#organization\"},\"potentialAction\":[{\"@type\":\"SearchAction\",\"target\":\"https:\/\/avae.pl\/?s={search_term_string}\",\"query-input\":\"required name=search_term_string\"}],\"inLanguage\":\"en-US\"},{\"@type\":\"ImageObject\",\"@id\":\"https:\/\/avae.pl\/en\/kimono-shirts\/monae-striped-shirt-kopia\/#primaryimage\",\"inLanguage\":\"en-US\",\"url\":\"https:\/\/avae.pl\/wp-content\/uploads\/2023\/05\/5DB080BD-44DC-4BC8-90B1-44489E618591-scaled.jpeg\",\"width\":1920,\"height\":2560},{\"@type\":[\"WebPage\",\"ItemPage\"],\"@id\":\"https:\/\/avae.pl\/en\/kimono-shirts\/monae-striped-shirt-kopia\/#webpage\",\"url\":\"https:\/\/avae.pl\/en\/kimono-shirts\/monae-striped-shirt-kopia\/\",\"name\":\"MONACO SHIRT - Avae\",\"isPartOf\":{\"@id\":\"https:\/\/avae.pl\/#website\"},\"primaryImageOfPage\":{\"@id\":\"https:\/\/avae.pl\/en\/kimono-shirts\/monae-striped-shirt-kopia\/#primaryimage\"},\"datePublished\":\"2023-05-28T09:40:28+00:00\",\"dateModified\":\"2023-05-29T07:24:04+00:00\",\"breadcrumb\":{\"@id\":\"https:\/\/avae.pl\/en\/kimono-shirts\/monae-striped-shirt-kopia\/#breadcrumb\"},\"inLanguage\":\"en-US\",\"potentialAction\":[{\"@type\":\"ReadAction\",\"target\":[\"https:\/\/avae.pl\/en\/kimono-shirts\/monae-striped-shirt-kopia\/\"]}]},{\"@type\":\"BreadcrumbList\",\"@id\":\"https:\/\/avae.pl\/en\/kimono-shirts\/monae-striped-shirt-kopia\/#breadcrumb\",\"itemListElement\":[{\"@type\":\"ListItem\",\"position\":1,\"item\":{\"@type\":\"WebPage\",\"@id\":\"https:\/\/avae.pl\/en\/\",\"url\":\"https:\/\/avae.pl\/en\/\",\"name\":\"Home\"}},{\"@type\":\"ListItem\",\"position\":2,\"item\":{\"@type\":\"WebPage\",\"@id\":\"https:\/\/avae.pl\/en\/shop\/\",\"url\":\"https:\/\/avae.pl\/en\/shop\/\",\"name\":\"Shop\"}},{\"@type\":\"ListItem\",\"position\":3,\"item\":{\"@type\":\"WebPage\",\"@id\":\"https:\/\/avae.pl\/en\/kimono-shirts\/monae-striped-shirt-kopia\/\",\"url\":\"https:\/\/avae.pl\/en\/kimono-shirts\/monae-striped-shirt-kopia\/\",\"name\":\"MONACO SHIRT\"}}]}]}<\/script>\n<!-- \/ Yoast SEO Premium plugin. -->","_links":{"self":[{"href":"https:\/\/avae.pl\/en\/wp-json\/wp\/v2\/product\/24008"}],"collection":[{"href":"https:\/\/avae.pl\/en\/wp-json\/wp\/v2\/product"}],"about":[{"href":"https:\/\/avae.pl\/en\/wp-json\/wp\/v2\/types\/product"}],"wp:featuredmedia":[{"embeddable":true,"href":"https:\/\/avae.pl\/en\/wp-json\/wp\/v2\/media\/24011"}],"wp:attachment":[{"href":"https:\/\/avae.pl\/en\/wp-json\/wp\/v2\/media?parent=24008"}],"wp:term":[{"taxonomy":"product_cat","embeddable":true,"href":"https:\/\/avae.pl\/en\/wp-json\/wp\/v2\/product_cat?post=24008"},{"taxonomy":"product_tag","embeddable":true,"href":"https:\/\/avae.pl\/en\/wp-json\/wp\/v2\/product_tag?post=24008"}],"curies":[{"name":"wp","href":"https:\/\/api.w.org\/{rel}","templated":true}]}}