{"id":62736,"date":"2024-09-04T06:21:49","date_gmt":"2024-09-04T06:21:49","guid":{"rendered":"https:\/\/avae.pl\/uncategorized\/monterey-jeans-shirt\/"},"modified":"2024-09-04T06:21:49","modified_gmt":"2024-09-04T06:21:49","slug":"monterey-jeans-shirt","status":"publish","type":"product","link":"https:\/\/avae.pl\/en\/kimono-shirts\/monterey-jeans-shirt\/","title":{"rendered":"MONTEREY JEANS SHIRT"},"content":{"rendered":"","protected":false},"excerpt":{"rendered":"<p><span class=\"jCAhz ChMk0b\"><span class=\"ryNqvb\">Our absolute bestseller shirt made of very original, great jeans in BLUE color.<\/span><\/span> <span class=\"jCAhz\"><span class=\"ryNqvb\">The fabric is soft to the touch and has an interesting structure.<\/span><\/span> <span class=\"jCAhz ChMk0b\"><span class=\"ryNqvb\">This is a super oversize shirt that can also be used as outerwear.<\/span><\/span> <span class=\"jCAhz ChMk0b\"><span class=\"ryNqvb\">Wear it in the summer over a top or T-shirt, and over a sweater on cooler autumn days.<\/span><\/span> <span class=\"jCAhz ChMk0b\"><span class=\"ryNqvb\">The shirt is fastened with silver snaps.<\/span><\/span> <span class=\"jCAhz ChMk0b\"><span class=\"ryNqvb\">The shirt is a universal product in every respect, which you can wear every day with our denim skirt or style with any favorite pants or shorts.<\/span><\/span> <span class=\"jCAhz\"><span class=\"ryNqvb\">In the fall, you will wear this set with tights and ankle boots, moccasins or high boots.<\/span><\/span><span class=\"jCAhz ChMk0b\"><span class=\"ryNqvb\"> The sleeves of the shirt are fastened with silver snaps.<\/span><\/span><\/p>\n<p><span class=\"jCAhz ChMk0b\"><span class=\"ryNqvb\">Composition: 75% cotton 25% polyester <\/span><\/span><\/p>\n<p><span class=\"jCAhz ChMk0b\"><span class=\"ryNqvb\">To make your shirt serve you as long as possible, we recommend hand washing.<\/span><\/span><\/p>\n<p>DIMENSIONS:<\/p>\n<table border=\"0\" width=\"335\" cellspacing=\"0\" cellpadding=\"0\">\n<colgroup>\n<col width=\"193\" \/>\n<col span=\"2\" width=\"71\" \/><\/colgroup>\n<tbody>\n<tr>\n<td class=\"xl63\" width=\"193\" height=\"20\"><\/td>\n<td class=\"xl63\" width=\"71\">S<\/td>\n<td class=\"xl63\" width=\"71\">M<\/td>\n<\/tr>\n<tr>\n<td class=\"xl63\" height=\"20\">D\u0141UGO\u015a\u0106<\/td>\n<td class=\"xl63\">67-71 CM<\/td>\n<td class=\"xl63\">68-72 CM<\/td>\n<\/tr>\n<tr>\n<td class=\"xl63\" height=\"20\">PACHY<\/td>\n<td class=\"xl63\">59 CM<\/td>\n<td class=\"xl63\">61 CM<\/td>\n<\/tr>\n<tr>\n<td class=\"xl63\" height=\"20\">RAMI\u0118<\/td>\n<td class=\"xl63\">18,5 CM<\/td>\n<td class=\"xl63\">20 CM<\/td>\n<\/tr>\n<tr>\n<td class=\"xl63\" height=\"20\">D\u0141UGOSC REKAWA OD PACHY<\/td>\n<td class=\"xl63\">48 CM<\/td>\n<td class=\"xl63\">50 CM<\/td>\n<\/tr>\n<\/tbody>\n<\/table>\n","protected":false},"featured_media":84687,"template":"","meta":[],"product_cat":[892],"product_tag":[],"acf":[],"yoast_head":"<!-- This site is optimized with the Yoast SEO Premium plugin v15.7 - https:\/\/yoast.com\/wordpress\/plugins\/seo\/ -->\n<title>MONTEREY JEANS SHIRT - Avae<\/title>\n<meta name=\"robots\" content=\"index, follow, max-snippet:-1, max-image-preview:large, max-video-preview:-1\" \/>\n<link rel=\"canonical\" href=\"https:\/\/avae.pl\/en\/kimono-shirts\/monterey-jeans-shirt\/\" \/>\n<meta property=\"og:locale\" content=\"en_US\" \/>\n<meta property=\"og:type\" content=\"article\" \/>\n<meta property=\"og:title\" content=\"MONTEREY JEANS SHIRT - Avae\" \/>\n<meta property=\"og:description\" content=\"Our absolute bestseller shirt made of very original, great jeans in BLUE color. The fabric is soft to the touch and has an interesting structure. This is a super oversize shirt that can also be used as outerwear. Wear it in the summer over a top or T-shirt, and over a sweater on cooler autumn days. The shirt is fastened with silver snaps. The shirt is a universal product in every respect, which you can wear every day with our denim skirt or style with any favorite pants or shorts. In the fall, you will wear this set with tights and ankle boots, moccasins or high boots. The sleeves of the shirt are fastened with silver snaps.  Composition: 75% cotton 25% polyester   To make your shirt serve you as long as possible, we recommend hand washing.  DIMENSIONS:     S M   D\u0141UGO\u015a\u0106 67-71 CM 68-72 CM   PACHY 59 CM 61 CM   RAMI\u0118 18,5 CM 20 CM   D\u0141UGOSC REKAWA OD PACHY 48 CM 50 CM\" \/>\n<meta property=\"og:url\" content=\"https:\/\/avae.pl\/en\/kimono-shirts\/monterey-jeans-shirt\/\" \/>\n<meta property=\"og:site_name\" content=\"Avae\" \/>\n<meta property=\"og:image\" content=\"https:\/\/avae.pl\/wp-content\/uploads\/2024\/09\/img_4139-scaled.jpeg\" \/>\n\t<meta property=\"og:image:width\" content=\"1920\" \/>\n\t<meta property=\"og:image:height\" content=\"2560\" \/>\n<meta name=\"twitter:label1\" content=\"Availability\">\n\t<meta name=\"twitter:data1\" content=\"In stock\">\n<script type=\"application\/ld+json\" class=\"yoast-schema-graph\">{\"@context\":\"https:\/\/schema.org\",\"@graph\":[{\"@type\":\"Organization\",\"@id\":\"https:\/\/avae.pl\/#organization\",\"name\":\"Avae\",\"url\":\"https:\/\/avae.pl\/\",\"sameAs\":[],\"logo\":{\"@type\":\"ImageObject\",\"@id\":\"https:\/\/avae.pl\/#logo\",\"inLanguage\":\"en-US\",\"url\":\"https:\/\/avae.pl\/wp-content\/uploads\/2021\/01\/cropped-LOVIN1300x500-black-3.jpg\",\"width\":1300,\"height\":500,\"caption\":\"Avae\"},\"image\":{\"@id\":\"https:\/\/avae.pl\/#logo\"}},{\"@type\":\"WebSite\",\"@id\":\"https:\/\/avae.pl\/#website\",\"url\":\"https:\/\/avae.pl\/\",\"name\":\"Avae\",\"description\":\"FASHION BRAND\",\"publisher\":{\"@id\":\"https:\/\/avae.pl\/#organization\"},\"potentialAction\":[{\"@type\":\"SearchAction\",\"target\":\"https:\/\/avae.pl\/?s={search_term_string}\",\"query-input\":\"required name=search_term_string\"}],\"inLanguage\":\"en-US\"},{\"@type\":\"ImageObject\",\"@id\":\"https:\/\/avae.pl\/en\/kimono-shirts\/monterey-jeans-shirt\/#primaryimage\",\"inLanguage\":\"en-US\",\"url\":\"https:\/\/avae.pl\/wp-content\/uploads\/2024\/10\/47.jpg\",\"width\":1920,\"height\":2560},{\"@type\":[\"WebPage\",\"ItemPage\"],\"@id\":\"https:\/\/avae.pl\/en\/kimono-shirts\/monterey-jeans-shirt\/#webpage\",\"url\":\"https:\/\/avae.pl\/en\/kimono-shirts\/monterey-jeans-shirt\/\",\"name\":\"MONTEREY JEANS SHIRT - Avae\",\"isPartOf\":{\"@id\":\"https:\/\/avae.pl\/#website\"},\"primaryImageOfPage\":{\"@id\":\"https:\/\/avae.pl\/en\/kimono-shirts\/monterey-jeans-shirt\/#primaryimage\"},\"datePublished\":\"2024-09-04T06:21:49+00:00\",\"dateModified\":\"2024-09-04T06:21:49+00:00\",\"breadcrumb\":{\"@id\":\"https:\/\/avae.pl\/en\/kimono-shirts\/monterey-jeans-shirt\/#breadcrumb\"},\"inLanguage\":\"en-US\",\"potentialAction\":[{\"@type\":\"ReadAction\",\"target\":[\"https:\/\/avae.pl\/en\/kimono-shirts\/monterey-jeans-shirt\/\"]}]},{\"@type\":\"BreadcrumbList\",\"@id\":\"https:\/\/avae.pl\/en\/kimono-shirts\/monterey-jeans-shirt\/#breadcrumb\",\"itemListElement\":[{\"@type\":\"ListItem\",\"position\":1,\"item\":{\"@type\":\"WebPage\",\"@id\":\"https:\/\/avae.pl\/en\/\",\"url\":\"https:\/\/avae.pl\/en\/\",\"name\":\"Home\"}},{\"@type\":\"ListItem\",\"position\":2,\"item\":{\"@type\":\"WebPage\",\"@id\":\"https:\/\/avae.pl\/en\/shop\/\",\"url\":\"https:\/\/avae.pl\/en\/shop\/\",\"name\":\"Shop\"}},{\"@type\":\"ListItem\",\"position\":3,\"item\":{\"@type\":\"WebPage\",\"@id\":\"https:\/\/avae.pl\/en\/kimono-shirts\/monterey-jeans-shirt\/\",\"url\":\"https:\/\/avae.pl\/en\/kimono-shirts\/monterey-jeans-shirt\/\",\"name\":\"MONTEREY JEANS SHIRT\"}}]}]}<\/script>\n<!-- \/ Yoast SEO Premium plugin. -->","_links":{"self":[{"href":"https:\/\/avae.pl\/en\/wp-json\/wp\/v2\/product\/62736"}],"collection":[{"href":"https:\/\/avae.pl\/en\/wp-json\/wp\/v2\/product"}],"about":[{"href":"https:\/\/avae.pl\/en\/wp-json\/wp\/v2\/types\/product"}],"wp:featuredmedia":[{"embeddable":true,"href":"https:\/\/avae.pl\/en\/wp-json\/wp\/v2\/media\/84687"}],"wp:attachment":[{"href":"https:\/\/avae.pl\/en\/wp-json\/wp\/v2\/media?parent=62736"}],"wp:term":[{"taxonomy":"product_cat","embeddable":true,"href":"https:\/\/avae.pl\/en\/wp-json\/wp\/v2\/product_cat?post=62736"},{"taxonomy":"product_tag","embeddable":true,"href":"https:\/\/avae.pl\/en\/wp-json\/wp\/v2\/product_tag?post=62736"}],"curies":[{"name":"wp","href":"https:\/\/api.w.org\/{rel}","templated":true}]}}