{"id":62764,"date":"2024-09-01T16:00:27","date_gmt":"2024-09-01T16:00:27","guid":{"rendered":"https:\/\/avae.pl\/uncategorized\/lisboa-jacket-shirt\/"},"modified":"2024-09-01T16:00:27","modified_gmt":"2024-09-01T16:00:27","slug":"lisboa-jacket-shirt","status":"publish","type":"product","link":"https:\/\/avae.pl\/en\/sale\/lisboa-jacket-shirt\/","title":{"rendered":"LISBOA JACKET SHIRT"},"content":{"rendered":"","protected":false},"excerpt":{"rendered":"<p><span class=\"jCAhz ChMk0b\"><span class=\"ryNqvb\">Our absolute bestseller shirt made of thick, fleshy fabric, which is a combination of viscose, polyester and elastane. The weight of the fabric is 430 grams, so it is a shirt that can easily serve as an outerwear.<\/span><\/span> <span class=\"jCAhz\"><span class=\"ryNqvb\">The shirt is fastened with silver snaps and can be tied with a belt at the waist.<\/span><\/span> <span class=\"jCAhz\"><span class=\"ryNqvb\">The shirt is a universal product in every respect, which you can wear every day with jeans.<\/span><\/span> <span class=\"jCAhz ChMk0b\"><span class=\"ryNqvb\">It looks great with LISBOA shorts.<\/span><\/span> <span class=\"jCAhz\"><span class=\"ryNqvb\">In the fall, you will wear this set with tights and ankle boots, moccasins or high boots.<\/span><\/span><span class=\"jCAhz ChMk0b\"><span class=\"ryNqvb\"> The sleeves of the shirt are fastened with silver snaps.<\/span><\/span> <span class=\"jCAhz ChMk0b\"><span class=\"ryNqvb\">It has a belt, thanks to which you can tie it at the waist or wear it loosely.<\/span><\/span><\/p>\n<p><span class=\"jCAhz ChMk0b\"><span class=\"ryNqvb\">Composition: 64% viscose, 2% elastane 34% polyester <\/span><\/span><\/p>\n<p><span class=\"jCAhz ChMk0b\"><span class=\"ryNqvb\">To make your shirt serve you as long as possible, we recommend hand washing.<\/span><\/span><\/p>\n<p><span class=\"jCAhz ChMk0b\"><span class=\"ryNqvb\">Dimensions:<\/span><\/span><\/p>\n<table border=\"0\" width=\"335\" cellspacing=\"0\" cellpadding=\"0\">\n<colgroup>\n<col width=\"193\" \/>\n<col span=\"2\" width=\"71\" \/><\/colgroup>\n<tbody>\n<tr>\n<td class=\"xl63\" width=\"193\" height=\"20\"><\/td>\n<td class=\"xl63\" width=\"71\">S<\/td>\n<td class=\"xl63\" width=\"71\">M<\/td>\n<\/tr>\n<tr>\n<td class=\"xl63\" height=\"20\">D\u0141UGO\u015a\u0106<\/td>\n<td class=\"xl63\">67-71 CM<\/td>\n<td class=\"xl63\">68-72 CM<\/td>\n<\/tr>\n<tr>\n<td class=\"xl63\" height=\"20\">PACHY<\/td>\n<td class=\"xl63\">59 CM<\/td>\n<td class=\"xl63\">61 CM<\/td>\n<\/tr>\n<tr>\n<td class=\"xl63\" height=\"20\">RAMI\u0118<\/td>\n<td class=\"xl63\">18,5 CM<\/td>\n<td class=\"xl63\">20 CM<\/td>\n<\/tr>\n<tr>\n<td class=\"xl63\" height=\"20\">D\u0141UGOSC REKAWA OD PACHY<\/td>\n<td class=\"xl63\">48 CM<\/td>\n<td class=\"xl63\">50 CM<\/td>\n<\/tr>\n<\/tbody>\n<\/table>\n","protected":false},"featured_media":84314,"template":"","meta":[],"product_cat":[892,922],"product_tag":[],"acf":[],"yoast_head":"<!-- This site is optimized with the Yoast SEO Premium plugin v15.7 - https:\/\/yoast.com\/wordpress\/plugins\/seo\/ -->\n<title>LISBOA JACKET SHIRT - Avae<\/title>\n<meta name=\"robots\" content=\"index, follow, max-snippet:-1, max-image-preview:large, max-video-preview:-1\" \/>\n<link rel=\"canonical\" href=\"https:\/\/avae.pl\/en\/kimono-shirts\/lisboa-jacket-shirt\/\" \/>\n<meta property=\"og:locale\" content=\"en_US\" \/>\n<meta property=\"og:type\" content=\"article\" \/>\n<meta property=\"og:title\" content=\"LISBOA JACKET SHIRT - Avae\" \/>\n<meta property=\"og:description\" content=\"Our absolute bestseller shirt made of thick, fleshy fabric, which is a combination of viscose, polyester and elastane. The weight of the fabric is 430 grams, so it is a shirt that can easily serve as an outerwear. The shirt is fastened with silver snaps and can be tied with a belt at the waist. The shirt is a universal product in every respect, which you can wear every day with jeans. It looks great with LISBOA shorts. In the fall, you will wear this set with tights and ankle boots, moccasins or high boots. The sleeves of the shirt are fastened with silver snaps. It has a belt, thanks to which you can tie it at the waist or wear it loosely.  Composition: 64% viscose, 2% elastane 34% polyester   To make your shirt serve you as long as possible, we recommend hand washing.  Dimensions:     S M   D\u0141UGO\u015a\u0106 67-71 CM 68-72 CM   PACHY 59 CM 61 CM   RAMI\u0118 18,5 CM 20 CM   D\u0141UGOSC REKAWA OD PACHY 48 CM 50 CM\" \/>\n<meta property=\"og:url\" content=\"https:\/\/avae.pl\/en\/kimono-shirts\/lisboa-jacket-shirt\/\" \/>\n<meta property=\"og:site_name\" content=\"Avae\" \/>\n<meta property=\"og:image\" content=\"https:\/\/avae.pl\/wp-content\/uploads\/2024\/09\/ITS-BEEN-A.zip-27-3-768x1024.png\" \/>\n\t<meta property=\"og:image:width\" content=\"768\" \/>\n\t<meta property=\"og:image:height\" content=\"1024\" \/>\n<meta name=\"twitter:label1\" content=\"Availability\">\n\t<meta name=\"twitter:data1\" content=\"Out of stock\">\n<script type=\"application\/ld+json\" class=\"yoast-schema-graph\">{\"@context\":\"https:\/\/schema.org\",\"@graph\":[{\"@type\":\"Organization\",\"@id\":\"https:\/\/avae.pl\/#organization\",\"name\":\"Avae\",\"url\":\"https:\/\/avae.pl\/\",\"sameAs\":[],\"logo\":{\"@type\":\"ImageObject\",\"@id\":\"https:\/\/avae.pl\/#logo\",\"inLanguage\":\"en-US\",\"url\":\"https:\/\/avae.pl\/wp-content\/uploads\/2021\/01\/cropped-LOVIN1300x500-black-3.jpg\",\"width\":1300,\"height\":500,\"caption\":\"Avae\"},\"image\":{\"@id\":\"https:\/\/avae.pl\/#logo\"}},{\"@type\":\"WebSite\",\"@id\":\"https:\/\/avae.pl\/#website\",\"url\":\"https:\/\/avae.pl\/\",\"name\":\"Avae\",\"description\":\"FASHION BRAND\",\"publisher\":{\"@id\":\"https:\/\/avae.pl\/#organization\"},\"potentialAction\":[{\"@type\":\"SearchAction\",\"target\":\"https:\/\/avae.pl\/?s={search_term_string}\",\"query-input\":\"required name=search_term_string\"}],\"inLanguage\":\"en-US\"},{\"@type\":\"ImageObject\",\"@id\":\"https:\/\/avae.pl\/en\/kimono-shirts\/lisboa-jacket-shirt\/#primaryimage\",\"inLanguage\":\"en-US\",\"url\":\"https:\/\/avae.pl\/wp-content\/uploads\/2024\/09\/2.png\",\"width\":1920,\"height\":2560},{\"@type\":[\"WebPage\",\"ItemPage\"],\"@id\":\"https:\/\/avae.pl\/en\/kimono-shirts\/lisboa-jacket-shirt\/#webpage\",\"url\":\"https:\/\/avae.pl\/en\/kimono-shirts\/lisboa-jacket-shirt\/\",\"name\":\"LISBOA JACKET SHIRT - Avae\",\"isPartOf\":{\"@id\":\"https:\/\/avae.pl\/#website\"},\"primaryImageOfPage\":{\"@id\":\"https:\/\/avae.pl\/en\/kimono-shirts\/lisboa-jacket-shirt\/#primaryimage\"},\"datePublished\":\"2024-09-01T16:00:27+00:00\",\"dateModified\":\"2024-09-01T16:00:27+00:00\",\"breadcrumb\":{\"@id\":\"https:\/\/avae.pl\/en\/kimono-shirts\/lisboa-jacket-shirt\/#breadcrumb\"},\"inLanguage\":\"en-US\",\"potentialAction\":[{\"@type\":\"ReadAction\",\"target\":[\"https:\/\/avae.pl\/en\/kimono-shirts\/lisboa-jacket-shirt\/\"]}]},{\"@type\":\"BreadcrumbList\",\"@id\":\"https:\/\/avae.pl\/en\/kimono-shirts\/lisboa-jacket-shirt\/#breadcrumb\",\"itemListElement\":[{\"@type\":\"ListItem\",\"position\":1,\"item\":{\"@type\":\"WebPage\",\"@id\":\"https:\/\/avae.pl\/en\/\",\"url\":\"https:\/\/avae.pl\/en\/\",\"name\":\"Home\"}},{\"@type\":\"ListItem\",\"position\":2,\"item\":{\"@type\":\"WebPage\",\"@id\":\"https:\/\/avae.pl\/en\/shop\/\",\"url\":\"https:\/\/avae.pl\/en\/shop\/\",\"name\":\"Shop\"}},{\"@type\":\"ListItem\",\"position\":3,\"item\":{\"@type\":\"WebPage\",\"@id\":\"https:\/\/avae.pl\/en\/kimono-shirts\/lisboa-jacket-shirt\/\",\"url\":\"https:\/\/avae.pl\/en\/kimono-shirts\/lisboa-jacket-shirt\/\",\"name\":\"LISBOA JACKET SHIRT\"}}]}]}<\/script>\n<!-- \/ Yoast SEO Premium plugin. -->","_links":{"self":[{"href":"https:\/\/avae.pl\/en\/wp-json\/wp\/v2\/product\/62764"}],"collection":[{"href":"https:\/\/avae.pl\/en\/wp-json\/wp\/v2\/product"}],"about":[{"href":"https:\/\/avae.pl\/en\/wp-json\/wp\/v2\/types\/product"}],"wp:featuredmedia":[{"embeddable":true,"href":"https:\/\/avae.pl\/en\/wp-json\/wp\/v2\/media\/84314"}],"wp:attachment":[{"href":"https:\/\/avae.pl\/en\/wp-json\/wp\/v2\/media?parent=62764"}],"wp:term":[{"taxonomy":"product_cat","embeddable":true,"href":"https:\/\/avae.pl\/en\/wp-json\/wp\/v2\/product_cat?post=62764"},{"taxonomy":"product_tag","embeddable":true,"href":"https:\/\/avae.pl\/en\/wp-json\/wp\/v2\/product_tag?post=62764"}],"curies":[{"name":"wp","href":"https:\/\/api.w.org\/{rel}","templated":true}]}}